{"id":139,"date":"2019-12-29T16:48:47","date_gmt":"2019-12-29T14:48:47","guid":{"rendered":"https:\/\/stresscongress.org\/?page_id=139"},"modified":"2025-09-29T18:32:37","modified_gmt":"2025-09-29T15:32:37","slug":"inscrieri","status":"publish","type":"page","link":"https:\/\/stresscongress.org\/en\/inscrieri\/","title":{"rendered":"Registration"},"content":{"rendered":"<div  data-label=\"Participant\" data-id=\"cta-centered-section-grid\" data-category=\"cta\" class=\"cta-centered-section white-text cta-centered-section-grid\" id=\"participant\" data-ovid=\"ovid-cta-2-168\" style=\"background-image: none; background-color: rgba(255, 255, 255, 0);\">\n<div  class=\"\">\n<div  class=\"row\">\n<div  class=\"cta-centered-section-col dynamic-color\" data-type=\"column\">\n<h2  class=\"\"><span  style=\"color: rgb(61, 61, 61);\"><span  style=\"font-weight: 900;\">REGISTER NOW FOR\n<\/span><span  style=\"font-weight: 900;\">STRESS CONGRESS 2025<\/span><\/span><\/h2>\n<p  class=\"\"><span  style=\"color: rgb(102, 102, 102);\">A national event with international participation, <span >accredited by the Romanian College of Physicians<b > (12 EMC credits)<\/b><\/span> and the Romanian Order of Nurses, Midwives, and Medical Assistants <b >(10 EMC credits)<\/b>.\n<\/span><br ><span style=\"font-style: italic; color: rgb(102, 102, 102);\" ><b >\u00censcrierile se pot face online p\u00e2n\u0103 la data de 5 octombrie 2025<\/b>, inclusiv. Dup\u0103 aceast\u0103 dat\u0103, \u00eenscrierile se vor putea face pe toat\u0103 perioada desf\u0103\u0219ur\u0103rii evenimentului, la secretariatul congresului.<\/span><\/p><div  class=\"spacer\" data-type=\"group\"><span  class=\"fa before\"><\/span><i  class=\"fa fa-ticket color7\"><\/i><span  class=\"fa after\"><\/span><\/div>\n\n\n<div  data-editable=\"true\" data-name=\"ope-custom-content-shortcode\" data-content-shortcode=\"products\" class=\"\"><div class=\"woocommerce columns-4\"><\/div><\/div>\n<div  data-editable=\"true\" data-name=\"ope-custom-content-shortcode\" data-content-shortcode=\"product_attribute\" class=\"\"><\/div>\n<div  data-editable=\"true\" data-name=\"ope-custom-content-shortcode\" data-content-shortcode=\"product_attribute\" class=\"\"><\/div>\n<div  class=\"spacer\" data-type=\"group\"><span  class=\"fa before\"><\/span><i  class=\"fa fa-wpforms color7\"><\/i><span  class=\"fa after\"><\/span><\/div>\n<div  data-editable=\"true\" data-name=\"ope-custom-content-shortcode\" data-content-shortcode=\"woocommerce_cart\" class=\"\" style=\"position: relative; left: 0px; top: 0px;\"><\/div>\n\n<div  data-editable=\"true\" data-name=\"ope-custom-content-shortcode\" data-content-shortcode=\"woocommerce_checkout\" class=\"\" style=\"position: relative; left: 0px; top: 0px;\"><div class=\"woocommerce\"><\/div><\/div><\/div>\n<\/div>\n<\/div>\n<\/div><div  data-label=\"Cta\" data-id=\"cta-centered-section-grid-1\" data-category=\"cta\" class=\"cta-centered-section white-text cta-centered-section-grid-1\" id=\"cta-2\" style=\"background-image: none; background-color: rgb(255, 255, 255);\" data-ovid=\"ovid-cta-2-748\"> <div  class=\"gridContainer\"> <div  class=\"row\"> <div  class=\"cta-centered-section-col dynamic-color\" data-type=\"column\">    <img  decoding=\"async\" class=\"custom-image lazyload\" data-src=\"https:\/\/stresscongress.org\/wp-content\/uploads\/2025\/08\/SC25-EN.png\" alt=\"\" src=\"data:image\/svg+xml;base64,PHN2ZyB3aWR0aD0iMSIgaGVpZ2h0PSIxIiB4bWxucz0iaHR0cDovL3d3dy53My5vcmcvMjAwMC9zdmciPjwvc3ZnPg==\" style=\"--smush-placeholder-width: 905px; --smush-placeholder-aspect-ratio: 905\/1280;\"><\/div> <\/div> <\/div> <\/div><div  data-content-products=\"\u201dproducts\" orderby=\"menu_order\"><\/div>","protected":false},"excerpt":{"rendered":"<p>\u00ceNSCRIE-TE ACUM LA STRESS CONGRESS 2025 Un eveniment na\u021bional, cu participare interna\u021bional\u0103, creditat de Colegiul Medicilor din Rom\u00e2nia (12 credite EMC) \u0219i Ordinul Asisten\u021bilor Medicali Generali\u0219ti, Moa\u0219elor \u0219i Asisten\u021bilor Medicali din Rom\u00e2nia (10 credite EMC). \u00censcrierile se pot face online p\u00e2n\u0103 la data de 5 octombrie 2025, inclusiv. Dup\u0103 aceast\u0103 dat\u0103, \u00eenscrierile se vor putea&hellip; <br \/> <a class=\"button small blue\" href=\"https:\/\/stresscongress.org\/en\/inscrieri\/\">Read more<\/a><\/p>","protected":false},"author":1,"featured_media":0,"parent":0,"menu_order":0,"comment_status":"closed","ping_status":"closed","template":"full-width-page.php","meta":{"footnotes":""},"class_list":["post-139","page","type-page","status-publish","hentry"],"yoast_head":"<!-- This site is optimized with the Yoast SEO plugin v25.6 - https:\/\/yoast.com\/wordpress\/plugins\/seo\/ -->\n<title>\u00censcrieri - Stress Congress<\/title>\n<meta name=\"description\" content=\"\u00censcrie-te acum \u0219i particip\u0103 la Stress Congress!\" \/>\n<meta name=\"robots\" content=\"index, follow, max-snippet:-1, max-image-preview:large, max-video-preview:-1\" \/>\n<link rel=\"canonical\" href=\"https:\/\/stresscongress.org\/en\/inscrieri\/\" \/>\n<meta property=\"og:locale\" content=\"en_US\" \/>\n<meta property=\"og:type\" content=\"article\" \/>\n<meta property=\"og:title\" content=\"\u00censcrieri - Stress Congress\" \/>\n<meta property=\"og:description\" content=\"\u00censcrie-te acum \u0219i particip\u0103 la Stress Congress!\" \/>\n<meta property=\"og:url\" content=\"https:\/\/stresscongress.org\/en\/inscrieri\/\" \/>\n<meta property=\"og:site_name\" content=\"Stress Congress\" \/>\n<meta property=\"article:publisher\" content=\"https:\/\/www.facebook.com\/AnaAslanInternationalFoundation\/\" \/>\n<meta property=\"article:modified_time\" content=\"2025-09-29T15:32:37+00:00\" \/>\n<meta property=\"og:image\" content=\"https:\/\/stresscongress.org\/wp-content\/uploads\/2025\/07\/WhatsApp-Image-2025-06-29-at-18.18.32_4dfe8564.jpg\" \/>\n<meta name=\"twitter:card\" content=\"summary_large_image\" \/>\n<script type=\"application\/ld+json\" class=\"yoast-schema-graph\">{\"@context\":\"https:\/\/schema.org\",\"@graph\":[{\"@type\":\"WebPage\",\"@id\":\"https:\/\/stresscongress.org\/inscrieri\/\",\"url\":\"https:\/\/stresscongress.org\/inscrieri\/\",\"name\":\"\u00censcrieri - Stress Congress\",\"isPartOf\":{\"@id\":\"https:\/\/stresscongress.org\/#website\"},\"primaryImageOfPage\":{\"@id\":\"https:\/\/stresscongress.org\/inscrieri\/#primaryimage\"},\"image\":{\"@id\":\"https:\/\/stresscongress.org\/inscrieri\/#primaryimage\"},\"thumbnailUrl\":\"https:\/\/stresscongress.org\/wp-content\/uploads\/2025\/07\/WhatsApp-Image-2025-06-29-at-18.18.32_4dfe8564.jpg\",\"datePublished\":\"2019-12-29T14:48:47+00:00\",\"dateModified\":\"2025-09-29T15:32:37+00:00\",\"description\":\"\u00censcrie-te acum \u0219i particip\u0103 la Stress Congress!\",\"breadcrumb\":{\"@id\":\"https:\/\/stresscongress.org\/inscrieri\/#breadcrumb\"},\"inLanguage\":\"en-US\",\"potentialAction\":[{\"@type\":\"ReadAction\",\"target\":[\"https:\/\/stresscongress.org\/inscrieri\/\"]}]},{\"@type\":\"ImageObject\",\"inLanguage\":\"en-US\",\"@id\":\"https:\/\/stresscongress.org\/inscrieri\/#primaryimage\",\"url\":\"https:\/\/stresscongress.org\/wp-content\/uploads\/2025\/07\/WhatsApp-Image-2025-06-29-at-18.18.32_4dfe8564.jpg\",\"contentUrl\":\"https:\/\/stresscongress.org\/wp-content\/uploads\/2025\/07\/WhatsApp-Image-2025-06-29-at-18.18.32_4dfe8564.jpg\"},{\"@type\":\"BreadcrumbList\",\"@id\":\"https:\/\/stresscongress.org\/inscrieri\/#breadcrumb\",\"itemListElement\":[{\"@type\":\"ListItem\",\"position\":1,\"name\":\"Prima pagin\u0103\",\"item\":\"https:\/\/stresscongress.org\/\"},{\"@type\":\"ListItem\",\"position\":2,\"name\":\"\u00censcrieri\"}]},{\"@type\":\"WebSite\",\"@id\":\"https:\/\/stresscongress.org\/#website\",\"url\":\"https:\/\/stresscongress.org\/\",\"name\":\"Stress Congress\",\"description\":\"Un eveniment  al Funda\u021biei &quot;Ana Aslan&quot; Interna\u021bional\",\"publisher\":{\"@id\":\"https:\/\/stresscongress.org\/#organization\"},\"potentialAction\":[{\"@type\":\"SearchAction\",\"target\":{\"@type\":\"EntryPoint\",\"urlTemplate\":\"https:\/\/stresscongress.org\/?s={search_term_string}\"},\"query-input\":{\"@type\":\"PropertyValueSpecification\",\"valueRequired\":true,\"valueName\":\"search_term_string\"}}],\"inLanguage\":\"en-US\"},{\"@type\":\"Organization\",\"@id\":\"https:\/\/stresscongress.org\/#organization\",\"name\":\"Stress Congress\",\"url\":\"https:\/\/stresscongress.org\/\",\"logo\":{\"@type\":\"ImageObject\",\"inLanguage\":\"en-US\",\"@id\":\"https:\/\/stresscongress.org\/#\/schema\/logo\/image\/\",\"url\":\"https:\/\/stresscongress.org\/wp-content\/uploads\/2019\/12\/Stress-Congress-Logo-2018.png\",\"contentUrl\":\"https:\/\/stresscongress.org\/wp-content\/uploads\/2019\/12\/Stress-Congress-Logo-2018.png\",\"width\":4000,\"height\":1613,\"caption\":\"Stress Congress\"},\"image\":{\"@id\":\"https:\/\/stresscongress.org\/#\/schema\/logo\/image\/\"},\"sameAs\":[\"https:\/\/www.facebook.com\/AnaAslanInternationalFoundation\/\",\"https:\/\/www.linkedin.com\/company\/ana-aslan-international-academy-of-ageing\"]}]}<\/script>\n<!-- \/ Yoast SEO plugin. -->","yoast_head_json":{"title":"\u00censcrieri - Stress Congress","description":"\u00censcrie-te acum \u0219i particip\u0103 la Stress Congress!","robots":{"index":"index","follow":"follow","max-snippet":"max-snippet:-1","max-image-preview":"max-image-preview:large","max-video-preview":"max-video-preview:-1"},"canonical":"https:\/\/stresscongress.org\/en\/inscrieri\/","og_locale":"en_US","og_type":"article","og_title":"\u00censcrieri - Stress Congress","og_description":"\u00censcrie-te acum \u0219i particip\u0103 la Stress Congress!","og_url":"https:\/\/stresscongress.org\/en\/inscrieri\/","og_site_name":"Stress Congress","article_publisher":"https:\/\/www.facebook.com\/AnaAslanInternationalFoundation\/","article_modified_time":"2025-09-29T15:32:37+00:00","og_image":[{"url":"https:\/\/stresscongress.org\/wp-content\/uploads\/2025\/07\/WhatsApp-Image-2025-06-29-at-18.18.32_4dfe8564.jpg","type":"","width":"","height":""}],"twitter_card":"summary_large_image","schema":{"@context":"https:\/\/schema.org","@graph":[{"@type":"WebPage","@id":"https:\/\/stresscongress.org\/inscrieri\/","url":"https:\/\/stresscongress.org\/inscrieri\/","name":"\u00censcrieri - Stress Congress","isPartOf":{"@id":"https:\/\/stresscongress.org\/#website"},"primaryImageOfPage":{"@id":"https:\/\/stresscongress.org\/inscrieri\/#primaryimage"},"image":{"@id":"https:\/\/stresscongress.org\/inscrieri\/#primaryimage"},"thumbnailUrl":"https:\/\/stresscongress.org\/wp-content\/uploads\/2025\/07\/WhatsApp-Image-2025-06-29-at-18.18.32_4dfe8564.jpg","datePublished":"2019-12-29T14:48:47+00:00","dateModified":"2025-09-29T15:32:37+00:00","description":"\u00censcrie-te acum \u0219i particip\u0103 la Stress Congress!","breadcrumb":{"@id":"https:\/\/stresscongress.org\/inscrieri\/#breadcrumb"},"inLanguage":"en-US","potentialAction":[{"@type":"ReadAction","target":["https:\/\/stresscongress.org\/inscrieri\/"]}]},{"@type":"ImageObject","inLanguage":"en-US","@id":"https:\/\/stresscongress.org\/inscrieri\/#primaryimage","url":"https:\/\/stresscongress.org\/wp-content\/uploads\/2025\/07\/WhatsApp-Image-2025-06-29-at-18.18.32_4dfe8564.jpg","contentUrl":"https:\/\/stresscongress.org\/wp-content\/uploads\/2025\/07\/WhatsApp-Image-2025-06-29-at-18.18.32_4dfe8564.jpg"},{"@type":"BreadcrumbList","@id":"https:\/\/stresscongress.org\/inscrieri\/#breadcrumb","itemListElement":[{"@type":"ListItem","position":1,"name":"Prima pagin\u0103","item":"https:\/\/stresscongress.org\/"},{"@type":"ListItem","position":2,"name":"\u00censcrieri"}]},{"@type":"WebSite","@id":"https:\/\/stresscongress.org\/#website","url":"https:\/\/stresscongress.org\/","name":"Stress Congress","description":"Un eveniment  al Funda\u021biei &quot;Ana Aslan&quot; Interna\u021bional","publisher":{"@id":"https:\/\/stresscongress.org\/#organization"},"potentialAction":[{"@type":"SearchAction","target":{"@type":"EntryPoint","urlTemplate":"https:\/\/stresscongress.org\/?s={search_term_string}"},"query-input":{"@type":"PropertyValueSpecification","valueRequired":true,"valueName":"search_term_string"}}],"inLanguage":"en-US"},{"@type":"Organization","@id":"https:\/\/stresscongress.org\/#organization","name":"Stress Congress","url":"https:\/\/stresscongress.org\/","logo":{"@type":"ImageObject","inLanguage":"en-US","@id":"https:\/\/stresscongress.org\/#\/schema\/logo\/image\/","url":"https:\/\/stresscongress.org\/wp-content\/uploads\/2019\/12\/Stress-Congress-Logo-2018.png","contentUrl":"https:\/\/stresscongress.org\/wp-content\/uploads\/2019\/12\/Stress-Congress-Logo-2018.png","width":4000,"height":1613,"caption":"Stress Congress"},"image":{"@id":"https:\/\/stresscongress.org\/#\/schema\/logo\/image\/"},"sameAs":["https:\/\/www.facebook.com\/AnaAslanInternationalFoundation\/","https:\/\/www.linkedin.com\/company\/ana-aslan-international-academy-of-ageing"]}]}},"_links":{"self":[{"href":"https:\/\/stresscongress.org\/en\/wp-json\/wp\/v2\/pages\/139"}],"collection":[{"href":"https:\/\/stresscongress.org\/en\/wp-json\/wp\/v2\/pages"}],"about":[{"href":"https:\/\/stresscongress.org\/en\/wp-json\/wp\/v2\/types\/page"}],"author":[{"embeddable":true,"href":"https:\/\/stresscongress.org\/en\/wp-json\/wp\/v2\/users\/1"}],"replies":[{"embeddable":true,"href":"https:\/\/stresscongress.org\/en\/wp-json\/wp\/v2\/comments?post=139"}],"version-history":[{"count":48,"href":"https:\/\/stresscongress.org\/en\/wp-json\/wp\/v2\/pages\/139\/revisions"}],"predecessor-version":[{"id":17148,"href":"https:\/\/stresscongress.org\/en\/wp-json\/wp\/v2\/pages\/139\/revisions\/17148"}],"wp:attachment":[{"href":"https:\/\/stresscongress.org\/en\/wp-json\/wp\/v2\/media?parent=139"}],"curies":[{"name":"wp","href":"https:\/\/api.w.org\/{rel}","templated":true}]}}